{"id":100,"date":"2018-09-28T10:05:48","date_gmt":"2018-09-28T13:35:48","guid":{"rendered":"http:\/\/lendix.dmghosting.com.ar\/?page_id=100"},"modified":"2018-09-28T10:42:03","modified_gmt":"2018-09-28T14:12:03","slug":"3-principi-attivi","status":"publish","type":"page","link":"https:\/\/www.lendix.it\/fr\/3-principi-attivi\/","title":{"rendered":"3 principi attivi"},"content":{"rendered":"<div class=\"vc_row wpb_row row\"><div class=\"vc_column_container col-md-12\"><div class=\"wpb_wrapper vc_column-inner\">\n\t<div class=\"wpb_text_column wpb_content_element\" >\n\t\t<div class=\"wpb_wrapper\">\n\t\t\t<h2 style=\"color: #a5b63a; font-weight: bold;\">3 Principi attivi per lo shampoo anti pidocchi Lendix<\/h2>\n<h3 style=\"color: #25aae1;\">Olio di Andiroba<\/h3>\n<p>L&#8217;olio di Andiroba \u00e8 estratto dalla Carapa guaianensis, un albero con un legno molto resistente nonostante la sua durezza, che vive nella foresta pluviale amazzonica. Questa pianta produce delle bacche contenenti molti semi, e quando questi vengono riversati dalla pianta stessa, vengono raccolti e fatti bollire per poi essere lasciati a riposo per un paio di settimane. Trascorso questo periodo dai semi ormai decomposti viene estratto l&#8217;olio. In Brasile, alcuni test hanno sottolineato le propriet\u00e0 antinfiammatorie e antibatteriche di questo olio, che oggi viene utilizzato anche per combattere termiti del legno e come repellente per insetti e zanzare, grazie alla presenza di limonoidi che agiscono sui loro organi sensoriali eliminando il senso di appetito. Tra le principali azioni dell&#8217;olio di Andiroba possiamo riconoscere la sua propriet\u00e0 analgesica documentata dalla ricerca scientifica. Inoltre viene utilizzato per curare malattie della pelle come la psoriasi e la dermatite, e in molti paesi \u00e8 considerato un ottimo aiuto per combattere reumatismi, influenze e allergie.<\/p>\n<h3 style=\"color: #25aae1;\">Quassia Amara<\/h3>\n<p>La Quassia amara \u00e8 un tipo di arbusto tropicale della famiglia delle Simaroubacee proveniente dal Brasile e dalla Guyana e coltivata in molte zone del Sudamerica. Svolge un&#8217;azione insetticida ed \u00e8 innocua per l&#8217;uomo e l&#8217;animale domestico. Il legno di questa pianta viene lasciato macerare per un giorno intero e poi bollito per circa 20 minuti. Le sostanze che vengono successivamente estratte vengono chiamate quassine e sono sostanze insetticide ma atossiche per api, coccinelle e altri insetti utili.<\/p>\n<h3 style=\"color: #25aae1;\">Olio di Neem<\/h3>\n<p>Il Neem \u00e8 una pianta della famiglia delle Meliacee originaria dell&#8217;India. Necessita di poche cure ma cresce velocemente fino a raggiungere i 30 metri di altezza. E&#8217; un albero che perde raramente le sue foglie e per questo \u00e8 da sempre considerato utile per la vastit\u00e0 della sua ombra. Le foglie di questa pianta sono note per la loro capacit\u00e0 di tener lontani gli insetti, e la ricerca scientifica ha confermato che sono molto efficaci contro batteri, funghi e alcuni virus. Come la quassia anche il Neem non \u00e8 tossico per l&#8217;uomo, ne per gli animali domestici.<\/p>\n\n\t\t<\/div>\n\t<\/div>\n<\/div><\/div><\/div>","protected":false},"excerpt":{"rendered":"3 Principi attivi per lo shampoo anti pidocchi Lendix Olio di Andiroba L'olio di Andiroba \u00e8 estratto dalla Carapa guaianensis, un albero con un legno molto resistente nonostante la sua durezza, che vive nella foresta pluviale amazzonica. Questa pianta produce delle bacche contenenti molti semi, e quando questi vengono riversati dalla pianta stessa, vengono raccolti [...]","protected":false},"author":1,"featured_media":0,"parent":0,"menu_order":0,"comment_status":"closed","ping_status":"closed","template":"","meta":[],"yoast_head":"<!-- This site is optimized with the Yoast SEO plugin v17.1 - https:\/\/yoast.com\/wordpress\/plugins\/seo\/ -->\n<title>3 principi attivi - Trattamento per eliminare pidocchi e lendini.<\/title>\n<meta name=\"robots\" content=\"index, follow, max-snippet:-1, max-image-preview:large, max-video-preview:-1\" \/>\n<link rel=\"canonical\" href=\"https:\/\/www.lendix.it\/fr\/3-principi-attivi\/\" \/>\n<meta property=\"og:locale\" content=\"fr_FR\" \/>\n<meta property=\"og:type\" content=\"article\" \/>\n<meta property=\"og:title\" content=\"3 principi attivi - Trattamento per eliminare pidocchi e lendini.\" \/>\n<meta property=\"og:url\" content=\"https:\/\/www.lendix.it\/fr\/3-principi-attivi\/\" \/>\n<meta property=\"og:site_name\" content=\"Trattamento per eliminare pidocchi e lendini.\" \/>\n<meta property=\"article:publisher\" content=\"https:\/\/www.facebook.com\/Lendix-la-fine-dei-pidocchi-107058670693906\/\" \/>\n<meta property=\"article:modified_time\" content=\"2018-09-28T14:12:03+00:00\" \/>\n<meta name=\"twitter:card\" content=\"summary_large_image\" \/>\n<meta name=\"twitter:label1\" content=\"Dur\u00e9e de lecture est.\" \/>\n\t<meta name=\"twitter:data1\" content=\"2 minutes\" \/>\n<script type=\"application\/ld+json\" class=\"yoast-schema-graph\">{\"@context\":\"https:\/\/schema.org\",\"@graph\":[{\"@type\":\"Organization\",\"@id\":\"https:\/\/www.lendix.it\/#organization\",\"name\":\"Volver\",\"url\":\"https:\/\/www.lendix.it\/\",\"sameAs\":[\"https:\/\/www.facebook.com\/Lendix-la-fine-dei-pidocchi-107058670693906\/\"],\"logo\":{\"@type\":\"ImageObject\",\"@id\":\"https:\/\/www.lendix.it\/#logo\",\"inLanguage\":\"fr-FR\",\"url\":\"https:\/\/www.lendix.it\/wp-content\/uploads\/2018\/09\/logogog.png\",\"contentUrl\":\"https:\/\/www.lendix.it\/wp-content\/uploads\/2018\/09\/logogog.png\",\"width\":450,\"height\":192,\"caption\":\"Volver\"},\"image\":{\"@id\":\"https:\/\/www.lendix.it\/#logo\"}},{\"@type\":\"WebSite\",\"@id\":\"https:\/\/www.lendix.it\/#website\",\"url\":\"https:\/\/www.lendix.it\/\",\"name\":\"Trattamento per eliminare pidocchi e lendini.\",\"description\":\"Trattamento atossico  per eliminare pidocchi, lendini e la pediculosi dei bambini.\",\"publisher\":{\"@id\":\"https:\/\/www.lendix.it\/#organization\"},\"potentialAction\":[{\"@type\":\"SearchAction\",\"target\":{\"@type\":\"EntryPoint\",\"urlTemplate\":\"https:\/\/www.lendix.it\/?s={search_term_string}\"},\"query-input\":\"required name=search_term_string\"}],\"inLanguage\":\"fr-FR\"},{\"@type\":\"WebPage\",\"@id\":\"https:\/\/www.lendix.it\/3-principi-attivi\/#webpage\",\"url\":\"https:\/\/www.lendix.it\/3-principi-attivi\/\",\"name\":\"3 principi attivi - Trattamento per eliminare pidocchi e lendini.\",\"isPartOf\":{\"@id\":\"https:\/\/www.lendix.it\/#website\"},\"datePublished\":\"2018-09-28T13:35:48+00:00\",\"dateModified\":\"2018-09-28T14:12:03+00:00\",\"breadcrumb\":{\"@id\":\"https:\/\/www.lendix.it\/3-principi-attivi\/#breadcrumb\"},\"inLanguage\":\"fr-FR\",\"potentialAction\":[{\"@type\":\"ReadAction\",\"target\":[\"https:\/\/www.lendix.it\/3-principi-attivi\/\"]}]},{\"@type\":\"BreadcrumbList\",\"@id\":\"https:\/\/www.lendix.it\/3-principi-attivi\/#breadcrumb\",\"itemListElement\":[{\"@type\":\"ListItem\",\"position\":1,\"name\":\"Home\",\"item\":\"https:\/\/www.lendix.it\/\"},{\"@type\":\"ListItem\",\"position\":2,\"name\":\"3 principi attivi\"}]}]}<\/script>\n<!-- \/ Yoast SEO plugin. -->","yoast_head_json":{"title":"3 principi attivi - Trattamento per eliminare pidocchi e lendini.","robots":{"index":"index","follow":"follow","max-snippet":"max-snippet:-1","max-image-preview":"max-image-preview:large","max-video-preview":"max-video-preview:-1"},"canonical":"https:\/\/www.lendix.it\/fr\/3-principi-attivi\/","og_locale":"fr_FR","og_type":"article","og_title":"3 principi attivi - Trattamento per eliminare pidocchi e lendini.","og_url":"https:\/\/www.lendix.it\/fr\/3-principi-attivi\/","og_site_name":"Trattamento per eliminare pidocchi e lendini.","article_publisher":"https:\/\/www.facebook.com\/Lendix-la-fine-dei-pidocchi-107058670693906\/","article_modified_time":"2018-09-28T14:12:03+00:00","twitter_card":"summary_large_image","twitter_misc":{"Dur\u00e9e de lecture est.":"2 minutes"},"schema":{"@context":"https:\/\/schema.org","@graph":[{"@type":"Organization","@id":"https:\/\/www.lendix.it\/#organization","name":"Volver","url":"https:\/\/www.lendix.it\/","sameAs":["https:\/\/www.facebook.com\/Lendix-la-fine-dei-pidocchi-107058670693906\/"],"logo":{"@type":"ImageObject","@id":"https:\/\/www.lendix.it\/#logo","inLanguage":"fr-FR","url":"https:\/\/www.lendix.it\/wp-content\/uploads\/2018\/09\/logogog.png","contentUrl":"https:\/\/www.lendix.it\/wp-content\/uploads\/2018\/09\/logogog.png","width":450,"height":192,"caption":"Volver"},"image":{"@id":"https:\/\/www.lendix.it\/#logo"}},{"@type":"WebSite","@id":"https:\/\/www.lendix.it\/#website","url":"https:\/\/www.lendix.it\/","name":"Trattamento per eliminare pidocchi e lendini.","description":"Trattamento atossico  per eliminare pidocchi, lendini e la pediculosi dei bambini.","publisher":{"@id":"https:\/\/www.lendix.it\/#organization"},"potentialAction":[{"@type":"SearchAction","target":{"@type":"EntryPoint","urlTemplate":"https:\/\/www.lendix.it\/?s={search_term_string}"},"query-input":"required name=search_term_string"}],"inLanguage":"fr-FR"},{"@type":"WebPage","@id":"https:\/\/www.lendix.it\/3-principi-attivi\/#webpage","url":"https:\/\/www.lendix.it\/3-principi-attivi\/","name":"3 principi attivi - Trattamento per eliminare pidocchi e lendini.","isPartOf":{"@id":"https:\/\/www.lendix.it\/#website"},"datePublished":"2018-09-28T13:35:48+00:00","dateModified":"2018-09-28T14:12:03+00:00","breadcrumb":{"@id":"https:\/\/www.lendix.it\/3-principi-attivi\/#breadcrumb"},"inLanguage":"fr-FR","potentialAction":[{"@type":"ReadAction","target":["https:\/\/www.lendix.it\/3-principi-attivi\/"]}]},{"@type":"BreadcrumbList","@id":"https:\/\/www.lendix.it\/3-principi-attivi\/#breadcrumb","itemListElement":[{"@type":"ListItem","position":1,"name":"Home","item":"https:\/\/www.lendix.it\/"},{"@type":"ListItem","position":2,"name":"3 principi attivi"}]}]}},"_links":{"self":[{"href":"https:\/\/www.lendix.it\/fr\/wp-json\/wp\/v2\/pages\/100"}],"collection":[{"href":"https:\/\/www.lendix.it\/fr\/wp-json\/wp\/v2\/pages"}],"about":[{"href":"https:\/\/www.lendix.it\/fr\/wp-json\/wp\/v2\/types\/page"}],"author":[{"embeddable":true,"href":"https:\/\/www.lendix.it\/fr\/wp-json\/wp\/v2\/users\/1"}],"replies":[{"embeddable":true,"href":"https:\/\/www.lendix.it\/fr\/wp-json\/wp\/v2\/comments?post=100"}],"version-history":[{"count":4,"href":"https:\/\/www.lendix.it\/fr\/wp-json\/wp\/v2\/pages\/100\/revisions"}],"predecessor-version":[{"id":111,"href":"https:\/\/www.lendix.it\/fr\/wp-json\/wp\/v2\/pages\/100\/revisions\/111"}],"wp:attachment":[{"href":"https:\/\/www.lendix.it\/fr\/wp-json\/wp\/v2\/media?parent=100"}],"curies":[{"name":"wp","href":"https:\/\/api.w.org\/{rel}","templated":true}]}}