{"id":132,"date":"2018-09-28T11:10:09","date_gmt":"2018-09-28T14:40:09","guid":{"rendered":"http:\/\/lendix.dmghosting.com.ar\/?page_id=132"},"modified":"2018-10-11T09:53:00","modified_gmt":"2018-10-11T13:23:00","slug":"la-pediculosi","status":"publish","type":"page","link":"https:\/\/www.lendix.it\/fr\/la-pediculosi\/","title":{"rendered":"La Pediculosi"},"content":{"rendered":"<div class=\"vc_row wpb_row row\"><div class=\"vc_column_container col-md-12\"><div class=\"wpb_wrapper vc_column-inner\">\n\t<div class=\"wpb_text_column wpb_content_element\" >\n\t\t<div class=\"wpb_wrapper\">\n\t\t\t<h1 style=\"text-align: center;\">Informazioni sui pidocchi<\/h1>\n<h3>Che cosa sono i pidocchi e le lendini?<\/h3>\n<p>I pidocchi sono insetti piccolissimi, di color giallo o marrone e vivono sui capelli nutrendosi di sangue. Attraverso le loro punture, i pidocchi rilasciano una sostanza che pu\u00f2 procurare prurito all&#8217;uomo, e succhiano ogni volta una quantit\u00e0 enorme di sangue se pensiamo alle loro piccole dimensioni. La vita media della femmina del pidocchio sul cuoio capelluto \u00e8 di circa 3 settimane, durante le quali depone 300 uova, chiamate comunemente lendini. Le lendini vengono depositate soprattutto all&#8217;altezza della nuca, sopra e dietro le orecchie, e all&#8217;altezza della riga centrale, e si schiudono dopo circa una settimana. Le Lendini aderiscono fortemente al capello a causa di una particolare sostanza adesiva<\/p>\n<h3>Il contagio dei pidocchi<\/h3>\n<p>Il contagio pu\u00f2 avvenire in modo diretto, cio\u00e8 da testa a testa, oppure in modo indiretto, attraverso per esempio lo scambio di cappelli, cuffie o attraverso l&#8217;uso comune di pettini o cuscini. In quest&#8217;ultimo caso il contatto deve per\u00f2 avvenire nell&#8217;arco di 48 ore, in quanto la vita del parassita lontano dai capelli non dura pi\u00f9 di 2 o 3 giorni.<\/p>\n<h3>Come assicurarsi della presenza di pidocchi<\/h3>\n<p>Non sempre ci accorgiamo della loro presenza, \u00e8 possibile infatti che i piccoli parassiti non diano alcun fastidio, ma spesso provocano un forte prurito alla testa. Per assicurarsi che il prurito sia dovuto alla presenza di pidocchi bisogna innanzitutto collocarsi in un luogo molto illuminato, dopo di che osservare attentamente le zone pi\u00f9 sensibili (sopra e dietro le orecchie e la zona della riga centrale), e cercare prima di tutto le lendini perch\u00e8 pi\u00f9 facilmente visibili del parassita. Le lendini si trovano vicino al cuoio capelluto ed hanno una forma ovoidale.<\/p>\n<h3>Prevenzione contro i pidocchi<\/h3>\n<p>Importante per la prevenzione di pidocchi \u00e8 la tempestivit\u00e0 dei controlli. E&#8217; necessario effettuare tutti i controlli al primo allarme di epidemie al fine di evitare infestazioni. Non \u00e8 sufficiente un taglio di capelli e una buona pulizia (come molti pensano) per eliminare il problema, ma \u00e8 necessario uno specifico antiparassitario e un pettine a denti molto fitti. E&#8217; consigliato lavare pettini e spazzole con prodotti specifici diluiti in acqua molto calda, ricordandoci che dopo 2 giorni lontano dal cuoio capelluto, il pidocchio muore, quindi qualsiasi oggetto o indumento trascorse 48 ore dall&#8217;ultimo contatto viene considerato sterilizzato.<\/p>\n<h3>Prodotti da utilizzare per eliminare pidocchi e lendini<\/h3>\n<p>In farmacia \u00e8 possibile trovare diversi prodotti specifici per i pidocchi. I metodi universalmente riconosciuti per affrontare questo problema sono due:<\/p>\n<p><strong>\u2022 Il cosmetico:<\/strong> lozioni, shampoo e altre sostanze che si applicano nella zona interessata. Possono essere naturali o a base di insetticidi chimici.<br \/>\n<strong>\u2022 Il meccanico:<\/strong> l\u2019eliminazione con pettini specifici, di questi si possono trovare diversi tipi. La Linea Lendix ha lo scopo di proporre il meglio dei due metodi, curando gli aspetti pi\u00f9 importanti: che siano totalmente atossici, efficaci, sani, facili da usare, che non danneggino i capelli e allo stesso tempo abbiano un costo minore nonostante la superiore qualit\u00e0. Facilitando anche la prevenzione. Si presenta con uno Shampoo atossico a tripla azione e un pettine d&#8217;ultima generazione, soli o insieme in un Kit convenienza, un trattamento completo contro pidocchi e lendini che non lascia nulla al caso.<\/p>\n\n\t\t<\/div>\n\t<\/div>\n<\/div><\/div><\/div>","protected":false},"excerpt":{"rendered":"Informazioni sui pidocchi Che cosa sono i pidocchi e le lendini? I pidocchi sono insetti piccolissimi, di color giallo o marrone e vivono sui capelli nutrendosi di sangue. Attraverso le loro punture, i pidocchi rilasciano una sostanza che pu\u00f2 procurare prurito all'uomo, e succhiano ogni volta una quantit\u00e0 enorme di sangue se pensiamo alle loro [...]","protected":false},"author":1,"featured_media":0,"parent":0,"menu_order":0,"comment_status":"closed","ping_status":"closed","template":"","meta":[],"yoast_head":"<!-- This site is optimized with the Yoast SEO plugin v17.1 - https:\/\/yoast.com\/wordpress\/plugins\/seo\/ -->\n<title>Che cosa sono i pidocchi e le lendini?<\/title>\n<meta name=\"description\" content=\"I pidocchi sono insetti piccolissimi, di color giallo o marrone e vivono sui capelli nutrendosi di sangue. Attraverso le loro punture, i pidocchi rilasciano una sostanza che pu\u00f2 procurare prurito all\u2019uomo, e succhiano ogni volta una quantit\u00e0 enorme di sangue se pensiamo alle loro piccole dimensioni.\" \/>\n<meta name=\"robots\" content=\"index, follow, max-snippet:-1, max-image-preview:large, max-video-preview:-1\" \/>\n<link rel=\"canonical\" href=\"https:\/\/www.lendix.it\/fr\/la-pediculosi\/\" \/>\n<meta property=\"og:locale\" content=\"fr_FR\" \/>\n<meta property=\"og:type\" content=\"article\" \/>\n<meta property=\"og:title\" content=\"Che cosa sono i pidocchi e le lendini?\" \/>\n<meta property=\"og:description\" content=\"I pidocchi sono insetti piccolissimi, di color giallo o marrone e vivono sui capelli nutrendosi di sangue. Attraverso le loro punture, i pidocchi rilasciano una sostanza che pu\u00f2 procurare prurito all\u2019uomo, e succhiano ogni volta una quantit\u00e0 enorme di sangue se pensiamo alle loro piccole dimensioni.\" \/>\n<meta property=\"og:url\" content=\"https:\/\/www.lendix.it\/fr\/la-pediculosi\/\" \/>\n<meta property=\"og:site_name\" content=\"Trattamento per eliminare pidocchi e lendini.\" \/>\n<meta property=\"article:publisher\" content=\"https:\/\/www.facebook.com\/Lendix-la-fine-dei-pidocchi-107058670693906\/\" \/>\n<meta property=\"article:modified_time\" content=\"2018-10-11T13:23:00+00:00\" \/>\n<meta name=\"twitter:card\" content=\"summary_large_image\" \/>\n<meta name=\"twitter:label1\" content=\"Dur\u00e9e de lecture est.\" \/>\n\t<meta name=\"twitter:data1\" content=\"3 minutes\" \/>\n<script type=\"application\/ld+json\" class=\"yoast-schema-graph\">{\"@context\":\"https:\/\/schema.org\",\"@graph\":[{\"@type\":\"Organization\",\"@id\":\"https:\/\/www.lendix.it\/#organization\",\"name\":\"Volver\",\"url\":\"https:\/\/www.lendix.it\/\",\"sameAs\":[\"https:\/\/www.facebook.com\/Lendix-la-fine-dei-pidocchi-107058670693906\/\"],\"logo\":{\"@type\":\"ImageObject\",\"@id\":\"https:\/\/www.lendix.it\/#logo\",\"inLanguage\":\"fr-FR\",\"url\":\"https:\/\/www.lendix.it\/wp-content\/uploads\/2018\/09\/logogog.png\",\"contentUrl\":\"https:\/\/www.lendix.it\/wp-content\/uploads\/2018\/09\/logogog.png\",\"width\":450,\"height\":192,\"caption\":\"Volver\"},\"image\":{\"@id\":\"https:\/\/www.lendix.it\/#logo\"}},{\"@type\":\"WebSite\",\"@id\":\"https:\/\/www.lendix.it\/#website\",\"url\":\"https:\/\/www.lendix.it\/\",\"name\":\"Trattamento per eliminare pidocchi e lendini.\",\"description\":\"Trattamento atossico  per eliminare pidocchi, lendini e la pediculosi dei bambini.\",\"publisher\":{\"@id\":\"https:\/\/www.lendix.it\/#organization\"},\"potentialAction\":[{\"@type\":\"SearchAction\",\"target\":{\"@type\":\"EntryPoint\",\"urlTemplate\":\"https:\/\/www.lendix.it\/?s={search_term_string}\"},\"query-input\":\"required name=search_term_string\"}],\"inLanguage\":\"fr-FR\"},{\"@type\":\"WebPage\",\"@id\":\"https:\/\/www.lendix.it\/fr\/la-pediculosi\/#webpage\",\"url\":\"https:\/\/www.lendix.it\/fr\/la-pediculosi\/\",\"name\":\"Che cosa sono i pidocchi e le lendini?\",\"isPartOf\":{\"@id\":\"https:\/\/www.lendix.it\/#website\"},\"datePublished\":\"2018-09-28T14:40:09+00:00\",\"dateModified\":\"2018-10-11T13:23:00+00:00\",\"description\":\"I pidocchi sono insetti piccolissimi, di color giallo o marrone e vivono sui capelli nutrendosi di sangue. Attraverso le loro punture, i pidocchi rilasciano una sostanza che pu\\u00f2 procurare prurito all\\u2019uomo, e succhiano ogni volta una quantit\\u00e0 enorme di sangue se pensiamo alle loro piccole dimensioni.\",\"breadcrumb\":{\"@id\":\"https:\/\/www.lendix.it\/fr\/la-pediculosi\/#breadcrumb\"},\"inLanguage\":\"fr-FR\",\"potentialAction\":[{\"@type\":\"ReadAction\",\"target\":[\"https:\/\/www.lendix.it\/fr\/la-pediculosi\/\"]}]},{\"@type\":\"BreadcrumbList\",\"@id\":\"https:\/\/www.lendix.it\/fr\/la-pediculosi\/#breadcrumb\",\"itemListElement\":[{\"@type\":\"ListItem\",\"position\":1,\"name\":\"Home\",\"item\":\"https:\/\/www.lendix.it\/\"},{\"@type\":\"ListItem\",\"position\":2,\"name\":\"La Pediculosi\"}]}]}<\/script>\n<!-- \/ Yoast SEO plugin. -->","yoast_head_json":{"title":"Che cosa sono i pidocchi e le lendini?","description":"I pidocchi sono insetti piccolissimi, di color giallo o marrone e vivono sui capelli nutrendosi di sangue. Attraverso le loro punture, i pidocchi rilasciano una sostanza che pu\u00f2 procurare prurito all\u2019uomo, e succhiano ogni volta una quantit\u00e0 enorme di sangue se pensiamo alle loro piccole dimensioni.","robots":{"index":"index","follow":"follow","max-snippet":"max-snippet:-1","max-image-preview":"max-image-preview:large","max-video-preview":"max-video-preview:-1"},"canonical":"https:\/\/www.lendix.it\/fr\/la-pediculosi\/","og_locale":"fr_FR","og_type":"article","og_title":"Che cosa sono i pidocchi e le lendini?","og_description":"I pidocchi sono insetti piccolissimi, di color giallo o marrone e vivono sui capelli nutrendosi di sangue. Attraverso le loro punture, i pidocchi rilasciano una sostanza che pu\u00f2 procurare prurito all\u2019uomo, e succhiano ogni volta una quantit\u00e0 enorme di sangue se pensiamo alle loro piccole dimensioni.","og_url":"https:\/\/www.lendix.it\/fr\/la-pediculosi\/","og_site_name":"Trattamento per eliminare pidocchi e lendini.","article_publisher":"https:\/\/www.facebook.com\/Lendix-la-fine-dei-pidocchi-107058670693906\/","article_modified_time":"2018-10-11T13:23:00+00:00","twitter_card":"summary_large_image","twitter_misc":{"Dur\u00e9e de lecture est.":"3 minutes"},"schema":{"@context":"https:\/\/schema.org","@graph":[{"@type":"Organization","@id":"https:\/\/www.lendix.it\/#organization","name":"Volver","url":"https:\/\/www.lendix.it\/","sameAs":["https:\/\/www.facebook.com\/Lendix-la-fine-dei-pidocchi-107058670693906\/"],"logo":{"@type":"ImageObject","@id":"https:\/\/www.lendix.it\/#logo","inLanguage":"fr-FR","url":"https:\/\/www.lendix.it\/wp-content\/uploads\/2018\/09\/logogog.png","contentUrl":"https:\/\/www.lendix.it\/wp-content\/uploads\/2018\/09\/logogog.png","width":450,"height":192,"caption":"Volver"},"image":{"@id":"https:\/\/www.lendix.it\/#logo"}},{"@type":"WebSite","@id":"https:\/\/www.lendix.it\/#website","url":"https:\/\/www.lendix.it\/","name":"Trattamento per eliminare pidocchi e lendini.","description":"Trattamento atossico  per eliminare pidocchi, lendini e la pediculosi dei bambini.","publisher":{"@id":"https:\/\/www.lendix.it\/#organization"},"potentialAction":[{"@type":"SearchAction","target":{"@type":"EntryPoint","urlTemplate":"https:\/\/www.lendix.it\/?s={search_term_string}"},"query-input":"required name=search_term_string"}],"inLanguage":"fr-FR"},{"@type":"WebPage","@id":"https:\/\/www.lendix.it\/fr\/la-pediculosi\/#webpage","url":"https:\/\/www.lendix.it\/fr\/la-pediculosi\/","name":"Che cosa sono i pidocchi e le lendini?","isPartOf":{"@id":"https:\/\/www.lendix.it\/#website"},"datePublished":"2018-09-28T14:40:09+00:00","dateModified":"2018-10-11T13:23:00+00:00","description":"I pidocchi sono insetti piccolissimi, di color giallo o marrone e vivono sui capelli nutrendosi di sangue. Attraverso le loro punture, i pidocchi rilasciano una sostanza che pu\u00f2 procurare prurito all\u2019uomo, e succhiano ogni volta una quantit\u00e0 enorme di sangue se pensiamo alle loro piccole dimensioni.","breadcrumb":{"@id":"https:\/\/www.lendix.it\/fr\/la-pediculosi\/#breadcrumb"},"inLanguage":"fr-FR","potentialAction":[{"@type":"ReadAction","target":["https:\/\/www.lendix.it\/fr\/la-pediculosi\/"]}]},{"@type":"BreadcrumbList","@id":"https:\/\/www.lendix.it\/fr\/la-pediculosi\/#breadcrumb","itemListElement":[{"@type":"ListItem","position":1,"name":"Home","item":"https:\/\/www.lendix.it\/"},{"@type":"ListItem","position":2,"name":"La Pediculosi"}]}]}},"_links":{"self":[{"href":"https:\/\/www.lendix.it\/fr\/wp-json\/wp\/v2\/pages\/132"}],"collection":[{"href":"https:\/\/www.lendix.it\/fr\/wp-json\/wp\/v2\/pages"}],"about":[{"href":"https:\/\/www.lendix.it\/fr\/wp-json\/wp\/v2\/types\/page"}],"author":[{"embeddable":true,"href":"https:\/\/www.lendix.it\/fr\/wp-json\/wp\/v2\/users\/1"}],"replies":[{"embeddable":true,"href":"https:\/\/www.lendix.it\/fr\/wp-json\/wp\/v2\/comments?post=132"}],"version-history":[{"count":2,"href":"https:\/\/www.lendix.it\/fr\/wp-json\/wp\/v2\/pages\/132\/revisions"}],"predecessor-version":[{"id":134,"href":"https:\/\/www.lendix.it\/fr\/wp-json\/wp\/v2\/pages\/132\/revisions\/134"}],"wp:attachment":[{"href":"https:\/\/www.lendix.it\/fr\/wp-json\/wp\/v2\/media?parent=132"}],"curies":[{"name":"wp","href":"https:\/\/api.w.org\/{rel}","templated":true}]}}